
{"id":57,"date":"2021-06-23T08:48:40","date_gmt":"2021-06-23T06:48:40","guid":{"rendered":"https:\/\/przedszkole57.edu.wroclaw.pl\/?page_id=57"},"modified":"2026-05-06T13:54:44","modified_gmt":"2026-05-06T11:54:44","slug":"jadlospis","status":"publish","type":"page","link":"https:\/\/przedszkole57.edu.wroclaw.pl\/index.php\/jadlospis\/","title":{"rendered":"Jad\u0142ospis"},"content":{"rendered":"<div class=\"wpb-content-wrapper\"><p>[vc_row][vc_column][vc_column_text css=&#8221;&#8221;]<strong>\u00a0<\/strong><\/p>\n<p><strong>Z dniem 13 grudnia 2014 zacz\u0119\u0142o obowi\u0105zywa\u0107 rozporz\u0105dzenie Parlamentu Europejskiego\u00a0 i Rady (UE) \u00a0\u00a0\u00a0\u00a0\u00a0\u00a0\u00a0\u00a0\u00a0\u00a0\u00a0\u00a0\u00a0\u00a0\u00a0\u00a0\u00a0\u00a0\u00a0\u00a0nr 1169\/2011 w sprawie przekazywania informacji na temat alergen\u00f3w. Informujemy \u017ce poni\u017cej jad\u0142ospisu\u00a0\u00a0\u00a0\u00a0\u00a0\u00a0\u00a0\u00a0\u00a0\u00a0\u00a0 \u00a0z ka\u017cdego dnia wyszczeg\u00f3lnione s\u0105 alergeny wyst\u0119puj\u0105ce w danym dniu w jad\u0142ospisie przedszkolnym.\u00a0\u00a0\u00a0\u00a0\u00a0 <\/strong><strong><em>Jad\u0142ospis w Przedszkolu nr 57 ,, Ma\u0142y Ksi\u0105\u017c\u0119\u201d\u00a0 od dnia\u00a0 07.05\u2013 20.05.2026r.<\/em><\/strong><\/p>\n<table width=\"747\">\n<tbody>\n<tr>\n<td width=\"54\">data<\/td>\n<td colspan=\"2\" width=\"239\">\u00a0I POSI\u0141EK-\u00a0\u00a0\u00a0\u00a0\u00a0 <strong>\u015bniadanie<\/strong><\/td>\n<td colspan=\"2\" width=\"246\">II POSI\u0141EK-\u00a0\u00a0\u00a0\u00a0 <strong>drugie danie<\/strong><\/td>\n<td width=\"208\">III POSI\u0141EK <strong>\u2013 zupa+ deser<\/strong><\/td>\n<\/tr>\n<tr>\n<td width=\"54\"><strong>07.05 czwartek<\/strong><\/td>\n<td colspan=\"2\" width=\"239\">Bu\u0142ka grahamka z mas\u0142em i miodem, kakao, <strong>\u00a0\u00a0marchewka, burak i jab\u0142ko do gryzienia<\/strong><\/td>\n<td colspan=\"2\" width=\"246\">Ziemniaki z koperkiem, mi\u0119so gotowane z jarzynami, sa\u0142ata \u00a0\u00a0\u00a0\u00a0\u00a0\u00a0\u00a0\u00a0\u00a0\u00a0\u00a0\u00a0\u00a0\u00a0\u00a0\u00a0\u00a0\u00a0\u00a0\u00a0\u00a0\u00a0ze \u015bmietan\u0105 i pestkami dyni, kompot\u00a0\u00a0\u00a0\u00a0\u00a0\u00a0\u00a0\u00a0\u00a0\u00a0 z czarnej porzeczki<\/td>\n<td width=\"208\">Szczawiowa z jajkiem, jogurt naturalny z wanili\u0105\u00a0 i p\u0142atkami kukurydzianymi, wafel ry\u017cowy<\/td>\n<\/tr>\n<tr>\n<td colspan=\"6\" width=\"747\"><strong>ALERGENY:\u00a0 m\u0105ka, gluten, mleko krowie, seler, \u015bmietana, \u015bladowe ilo\u015bci soi, i gorczycy, \u00a0pestki dyni<\/strong><\/td>\n<\/tr>\n<tr>\n<td width=\"54\"><strong>08.05 pi\u0105tek<\/strong><\/td>\n<td colspan=\"2\" width=\"239\">Chleb wieloziarnisty z mas\u0142em, humusem z soczewicy i jajka, papryk\u0105, kasza manna z \u017curawin\u0105 na mleku, herbata mi\u0119towa, <strong>\u00a0kalarepka<\/strong><\/td>\n<td colspan=\"2\" width=\"246\">Rizotto z ry\u017cu mieszanego z mi\u0119sem\u00a0\u00a0\u00a0\u00a0\u00a0\u00a0\u00a0\u00a0\u00a0\u00a0\u00a0\u00a0\u00a0\u00a0 i warzywami, sos pomidorowy\u00a0\u00a0\u00a0\u00a0\u00a0\u00a0\u00a0\u00a0\u00a0\u00a0\u00a0\u00a0\u00a0\u00a0\u00a0\u00a0\u00a0\u00a0\u00a0\u00a0\u00a0\u00a0\u00a0 z bazyli\u0105, sur\u00f3wka coles\u0142av, kompot wieloowocowy<\/td>\n<td width=\"208\">Kapu\u015bniak z kapusty mieszanej\u00a0\u00a0\u00a0\u00a0\u00a0\u00a0\u00a0\u00a0\u00a0\u00a0\u00a0\u00a0\u00a0\u00a0\u00a0\u00a0\u00a0\u00a0\u00a0\u00a0 z majerankiem i pra\u017con\u0105 cebulk\u0105, racuchy\u00a0 na ma\u015blance \u00a0\u00a0z <strong>jab\u0142kiem<\/strong>, sok wieloowocowy , <strong>\u00a0<\/strong><\/td>\n<\/tr>\n<tr>\n<td colspan=\"6\" width=\"747\"><strong>ALERGENY:\u00a0 m\u0105ka, gluten, mleko krowie, seler, \u015bmietana, \u015bladowe ilo\u015bci soi, i gorczycy, jaja, \u017curawina<\/strong><\/td>\n<\/tr>\n<tr>\n<td width=\"54\"><strong>11.05 poniedz WYCIECZKA<\/strong><\/td>\n<td colspan=\"2\" width=\"239\">Chleb z mas\u0142em,\u00a0 serek \u015bmietankowy z rzodkiewk\u0105 , szczypiorem\u00a0\u00a0\u00a0\u00a0\u00a0\u00a0\u00a0\u00a0\u00a0\u00a0\u00a0\u00a0\u00a0\u00a0\u00a0\u00a0\u00a0\u00a0\u00a0\u00a0\u00a0\u00a0\u00a0\u00a0\u00a0\u00a0\u00a0\u00a0\u00a0\u00a0 i natka, herbata z cytryn\u0105<\/td>\n<td colspan=\"2\" width=\"246\">Ziemniaki z koperkiem,\u00a0 kotlet mielony drobiowy pieczony w panierce z zi\u00f3\u0142, mizeria ze szczypiorkiem , kompot\u00a0 \u00a0\u00a0\u00a0\u00a0\u00a0\u00a0\u00a0\u00a0\u00a0\u00a0\u00a0\u00a0\u00a0\u00a0\u00a0z wi\u015bni<\/td>\n<td width=\"208\">Zupa broku\u0142owa z makaronem,\u00a0 paluch serowy,\u00a0 sok 100%, <strong>truskawki<\/strong><\/td>\n<\/tr>\n<tr>\n<td colspan=\"6\" width=\"747\"><strong>ALERGENY:\u00a0 m\u0105ka, gluten, mleko krowie, seler, \u015bmietana, \u015bladowe ilo\u015bci soi, i gorczycy, ser \u015bmietankowy<\/strong><\/td>\n<\/tr>\n<tr>\n<td width=\"54\"><strong>12.05 wtorek WYCIECZKA<\/strong><\/td>\n<td colspan=\"2\" width=\"239\">Chleb mieszany z mas\u0142em, pasta\u00a0\u00a0\u00a0\u00a0\u00a0\u00a0\u00a0\u00a0\u00a0\u00a0\u00a0\u00a0\u00a0\u00a0\u00a0\u00a0\u00a0\u00a0\u00a0\u00a0\u00a0\u00a0\u00a0\u00a0\u00a0 z \u0142ososia w\u0119dzonego, serka i pora, pestek s\u0142onecznika, og\u00f3rkiem konserwowym, kakao, kalarepka<\/td>\n<td colspan=\"2\" width=\"246\">Nale\u015bniki z mieszanki m\u0105k z serem waniliowym i musem truskawkowo- bananowym, nap\u00f3j cytrynowy\u00a0\u00a0\u00a0\u00a0\u00a0\u00a0\u00a0\u00a0\u00a0\u00a0\u00a0\u00a0\u00a0\u00a0\u00a0\u00a0\u00a0\u00a0\u00a0\u00a0\u00a0 \u00a0z miodem, <strong>banan<\/strong><\/td>\n<td width=\"208\">Barszcz bia\u0142y z ziemniakami chlebek chrupki , kabanos drobiowy, papryka , herbata rumiankowa<\/td>\n<\/tr>\n<tr>\n<td colspan=\"6\" width=\"747\"><strong>ALERGENY:\u00a0 m\u0105ka, gluten, mleko krowie, seler, \u015bmietana, \u015bladowe ilo\u015bci soi, i gorczycy, \u00a0ser bia\u0142y, <\/strong><\/td>\n<\/tr>\n<tr>\n<td width=\"54\"><strong>13.05 \u015broda<\/strong><\/td>\n<td colspan=\"2\" width=\"239\">Bu\u0142ka ma\u015blana z mas\u0142em i d\u017cemem brzoskwiniowym s\u0142odzonym sokiem jab\u0142kowym, kakao, <strong>marchewka do gryzienia<\/strong><\/td>\n<td colspan=\"2\" width=\"246\">Kasza j\u0119czmienna na sypko, kark\u00f3wka\u00a0\u00a0\u00a0\u00a0\u00a0\u00a0\u00a0 \u00a0w zio\u0142ach w sosie w\u0142asnym, buraczki\u00a0\u00a0\u00a0\u00a0\u00a0\u00a0\u00a0\u00a0\u00a0\u00a0\u00a0\u00a0 z cebulk\u0105 kompot z czarnej porzeczki\u00a0\u00a0\u00a0\u00a0\u00a0\u00a0\u00a0 \u00a0z cynamonem<\/td>\n<td width=\"208\">Zupa\u00a0 jarzynowa z kalafiorem, ry\u017c\u00a0 zapiekany z jab\u0142kami\u00a0 i bit\u0105 \u015bmietan\u0105, woda z mi\u0119t\u0105\u00a0\u00a0\u00a0\u00a0\u00a0\u00a0\u00a0\u00a0\u00a0\u00a0\u00a0\u00a0\u00a0\u00a0\u00a0\u00a0\u00a0\u00a0\u00a0\u00a0\u00a0\u00a0 \u00a0i cytryn\u0105, <strong>ananas<\/strong><\/td>\n<\/tr>\n<tr>\n<td colspan=\"6\" width=\"747\"><strong>ALERGENY:\u00a0 m\u0105ka, gluten, mleko krowie, seler, \u015bmietana, \u015bladowe ilo\u015bci soi, i gorczycy, <\/strong><\/td>\n<\/tr>\n<tr>\n<td width=\"54\"><strong>14.05 czwartek<\/strong><\/td>\n<td colspan=\"2\" width=\"239\">\u015bniadanie kulinarne(mix chleb\u00f3w, ser \u017c\u00f3\u0142ty,\u00a0 pol\u0119dwica, pomidor, og\u00f3rek, sa\u0142ata, por, rzodkiewka)\u00a0 kawa na mleku<\/td>\n<td colspan=\"2\" width=\"246\">Makaron spaghetti, sos bolo\u0144ski\u00a0\u00a0\u00a0\u00a0\u00a0\u00a0\u00a0\u00a0\u00a0\u00a0\u00a0\u00a0\u00a0\u00a0\u00a0\u00a0\u00a0\u00a0 z mi\u0119sem, sa\u0142atka wiosenna z dyni\u0105, kompot wieloowocowy, <strong>jab\u0142ko<\/strong><\/td>\n<td width=\"208\">Zupa fasolowa z zacierka, mini pizza z warzywami (wyr\u00f3b w\u0142asny), sok 100% pomara\u0144czowy do picia, <strong>melon<\/strong><\/td>\n<\/tr>\n<tr>\n<td colspan=\"6\" width=\"747\"><strong>ALERGENY:\u00a0 m\u0105ka, gluten, mleko krowie, seler, \u015bmietana, \u015bladowe ilo\u015bci soi, i gorczycy, orzechy, pestki s\u0142onecznika<\/strong><\/td>\n<\/tr>\n<tr>\n<td width=\"54\"><strong>15.05 pi\u0105tek<\/strong><\/td>\n<td colspan=\"2\" width=\"239\">Chleb razowy z mas\u0142em, pasztetem pieczonym z fileta, szczypiorem, ketchupem p\u0142atki ry\u017cowe\u00a0\u00a0\u00a0\u00a0\u00a0\u00a0\u00a0\u00a0\u00a0\u00a0\u00a0\u00a0\u00a0\u00a0\u00a0\u00a0\u00a0\u00a0\u00a0\u00a0\u00a0\u00a0\u00a0\u00a0\u00a0\u00a0\u00a0\u00a0\u00a0\u00a0 z orzechami na mleku, herbata\u00a0\u00a0\u00a0\u00a0\u00a0\u00a0\u00a0\u00a0\u00a0\u00a0\u00a0\u00a0\u00a0\u00a0 \u00a0\u00a0z owoc\u00f3w le\u015bnych<\/td>\n<td colspan=\"2\" width=\"246\">Ziemniaki z koperkiem, paluszki rybne pieczone w piecu, sur\u00f3wka z m\u0142odej kapusty z pestkami s\u0142onecznika, marchewk\u0105 i jab\u0142kiem, kompot wi\u015bniowy.<\/td>\n<td width=\"208\">Barszcz czerwony, kasza manna\u00a0 z sokiem malinowym,\u00a0 ciastko owsiane,<\/td>\n<\/tr>\n<tr>\n<td colspan=\"6\" width=\"747\"><strong>ALERGENY:\u00a0 m\u0105ka, gluten, mleko krowie, seler, \u015bmietana, \u015bladowe ilo\u015bci soi, i gorczycy, ryba w\u0119dzona, jajko, kasza manna<\/strong><\/td>\n<\/tr>\n<tr>\n<td width=\"54\"><strong>18.05 poniedz WYCIECZKA<\/strong><\/td>\n<td colspan=\"2\" width=\"239\">Chleb pszenny z mas\u0142em, szynk\u0105 w\u0119dzon\u0105, szczypiorem, og\u00f3rkiem zielonym, p\u0142atki kukurydziane\u00a0\u00a0\u00a0\u00a0\u00a0\u00a0\u00a0\u00a0\u00a0\u00a0\u00a0\u00a0\u00a0\u00a0\u00a0\u00a0\u00a0\u00a0\u00a0\u00a0\u00a0 z bakaliami na mleku, herbata\u00a0\u00a0\u00a0\u00a0\u00a0\u00a0\u00a0\u00a0\u00a0\u00a0\u00a0\u00a0\u00a0\u00a0\u00a0\u00a0\u00a0\u00a0\u00a0\u00a0\u00a0 z cynamonem i cytryn\u0105<\/td>\n<td colspan=\"2\" width=\"246\">Kopytka szpinakowe z sosem serowo- warzywnym, marchewka z jab\u0142kiem\u00a0\u00a0 \u00a0\u00a0\u00a0\u00a0\u00a0\u00a0\u00a0\u00a0\u00a0\u00a0\u00a0i brzoskwini\u0105, kompot wieloowocowy, <strong>gruszka<\/strong><\/td>\n<td width=\"208\">\u00a0\u00a0Zupa pomidorowa\u00a0 z bazyli\u0105\u00a0\u00a0\u00a0\u00a0\u00a0\u00a0\u00a0\u00a0\u00a0\u00a0\u00a0\u00a0\u00a0\u00a0\u00a0\u00a0\u00a0\u00a0\u00a0\u00a0\u00a0\u00a0\u00a0\u00a0\u00a0\u00a0\u00a0\u00a0\u00a0\u00a0\u00a0\u00a0 i makaronem, bu\u0142ka pszenna\u00a0\u00a0\u00a0\u00a0\u00a0\u00a0\u00a0\u00a0\u00a0\u00a0\u00a0\u00a0\u00a0\u00a0\u00a0\u00a0\u00a0 z mas\u0142em, sa\u0142at\u0105,\u00a0 kie\u0142baski luksusowe\u00a0 z sosem chrzanowym, \u00a0herbata mi\u0119towa<\/td>\n<\/tr>\n<tr>\n<td colspan=\"6\" width=\"747\"><strong>ALERGENY:\u00a0 m\u0105ka, gluten, mleko krowie, seler, \u015bmietana, \u015bladowe ilo\u015bci soi, i gorczycy, jaja, ser \u017c\u00f3\u0142ty<\/strong><\/td>\n<\/tr>\n<tr>\n<td width=\"54\"><strong>19.05 wtorek WYCIECZKA<\/strong><\/p>\n<p><strong>\u00a0<\/strong><\/td>\n<td colspan=\"2\" width=\"239\">Chleb pszenny z mas\u0142em, piersi\u0105 pieczon\u0105 z indyka, pomidorem , zacierka na mleku, herbata\u00a0\u00a0\u00a0\u00a0\u00a0\u00a0\u00a0\u00a0\u00a0\u00a0\u00a0\u00a0\u00a0\u00a0\u00a0\u00a0\u00a0\u00a0\u00a0\u00a0\u00a0\u00a0\u00a0\u00a0 z imbirem<\/td>\n<td colspan=\"2\" width=\"246\">M\u0142ode ziemniaki z koperkiem\u00a0\u00a0\u00a0\u00a0\u00a0\u00a0\u00a0\u00a0\u00a0\u00a0\u00a0\u00a0\u00a0\u00a0\u00a0\u00a0\u00a0\u00a0\u00a0\u00a0\u00a0\u00a0\u00a0\u00a0\u00a0\u00a0\u00a0\u00a0 \u00a0i cebulk\u0105, bigos z m\u0142odej kapusty \u00a0\u00a0\u00a0\u00a0\u00a0\u00a0\u00a0\u00a0\u00a0\u00a0\u00a0\u00a0\u00a0\u00a0\u00a0\u00a0\u00a0\u00a0\u00a0\u00a0z mi\u0119sem z \u0142opatki, kisiel cytrynowy do picia, <strong>banan<\/strong><\/td>\n<td width=\"208\">Krupnik z mieszank\u0105 kasz, \u00a0budy\u0144 czekoladowy, bu\u0142ka ma\u015blana<\/td>\n<\/tr>\n<tr>\n<td colspan=\"6\" width=\"747\"><strong>ALERGENY:\u00a0 m\u0105ka, gluten, mleko krowie, seler, \u015bmietana, \u015bladowe ilo\u015bci soi, i gorczycy, jaja, <\/strong><\/td>\n<\/tr>\n<tr>\n<td width=\"54\"><strong>20.05 \u015broda<\/strong><\/td>\n<td width=\"236\">Chleb s\u0142onecznikowy z mas\u0142em kie\u0142bas\u0105 krakowsk\u0105 parzon\u0105, selerem konserwowym z natk\u0105 i papryk\u0105, herbata z hibiskusa<\/td>\n<td colspan=\"2\" width=\"246\">Ziemniaki pieczone z zio\u0142ami, jajko\u00a0\u00a0\u00a0\u00a0\u00a0 na parze, mix warzyw ( broku\u0142, kalafior, mini marchewki) gotowanych na parze, sok jab\u0142kowy100%, <strong>banan<\/strong><\/td>\n<td colspan=\"2\" width=\"211\">Zupa warszawska z zacierk\u0105\u00a0\u00a0\u00a0\u00a0\u00a0\u00a0\u00a0\u00a0\u00a0\u00a0\u00a0\u00a0\u00a0\u00a0\u00a0\u00a0\u00a0\u00a0\u00a0 i ziemniakami, chlebek chrupki, serek z rzodkiewk\u0105\u00a0\u00a0\u00a0\u00a0\u00a0\u00a0\u00a0\u00a0\u00a0\u00a0\u00a0\u00a0\u00a0\u00a0\u00a0\u00a0\u00a0\u00a0\u00a0\u00a0\u00a0\u00a0\u00a0\u00a0\u00a0\u00a0\u00a0\u00a0\u00a0 i szczypiorem, herbata\u00a0\u00a0\u00a0\u00a0\u00a0\u00a0\u00a0\u00a0\u00a0\u00a0\u00a0\u00a0\u00a0\u00a0\u00a0\u00a0\u00a0\u00a0\u00a0\u00a0\u00a0\u00a0\u00a0\u00a0\u00a0\u00a0 \u00a0z imbirem<\/td>\n<\/tr>\n<tr>\n<td colspan=\"6\" width=\"747\"><strong>ALERGENY:\u00a0 m\u0105ka, gluten, mleko krowie, seler, \u015bmietana, \u015bladowe ilo\u015bci soi, i gorczycy, jajo, \u00a0seler konserwowy<\/strong><\/td>\n<\/tr>\n<tr>\n<td width=\"66\"><\/td>\n<td width=\"232\"><\/td>\n<td width=\"3\"><\/td>\n<td width=\"238\"><\/td>\n<td width=\"3\"><\/td>\n<td width=\"205\"><\/td>\n<\/tr>\n<\/tbody>\n<\/table>\n<p><strong><em>Wycieczka:<\/em><\/strong><\/p>\n<p><strong><em>11.05.2026 r. gr. ,,Kotki\u201d, ,,Motylki<\/em><\/strong><\/p>\n<p><em>\u015aniadanie wg jad\u0142ospisu<\/em><\/p>\n<p><em>Obiad:\u00a0 pierogi ruskie, woda, owoc, na deser rogalik \u00a0\u00a0\u00a0\u00a0\u00a0\u00a0\u00a0\u00a0\u00a0\u00a0\u00a0\u00a0\u00a0\u00a0\u00a0\u00a0\u00a0\u00a0\u00a0\u00a0\u00a0\u00a0\u00a0\u00a0\u00a0\u00a0\u00a0z nadzieniem<\/em><\/p>\n<p><em>Zupa po powrocie do przedszkola<\/em><\/p>\n<p><strong><em>12.05.2026r. gr. ,,\u017babki\u201d,\u00a0 ,,Biedronki\u201d<\/em><\/strong><\/p>\n<p><em>\u015aniadanie wg jad\u0142ospisu<\/em><\/p>\n<p><em>Obiad:\u00a0 pierogi ruskie, woda, owoc, na deser rogalik \u00a0\u00a0\u00a0\u00a0\u00a0\u00a0\u00a0\u00a0\u00a0\u00a0\u00a0\u00a0\u00a0\u00a0\u00a0\u00a0\u00a0\u00a0\u00a0\u00a0\u00a0\u00a0\u00a0\u00a0\u00a0\u00a0\u00a0z nadzieniem<\/em><\/p>\n<p><em>Zupa po powrocie do przedszkola<\/em><\/p>\n<p><strong><em>18.05.2026 r. gr. ,,Zaj\u0105czki\u201d, ,,Stokrotki\u201d, ,,S\u0142oneczka\u201d<\/em><\/strong><\/p>\n<p><em>\u015aniadanie wg jad\u0142ospisu z wy\u0142\u0105czeniem zupy mlecznej<\/em><\/p>\n<p><em>Obiad:\u00a0 pierogi ruskie, woda, owoc, na deser rogalik\u00a0\u00a0\u00a0\u00a0\u00a0\u00a0\u00a0\u00a0\u00a0\u00a0\u00a0\u00a0\u00a0\u00a0\u00a0\u00a0\u00a0\u00a0\u00a0\u00a0\u00a0\u00a0\u00a0\u00a0\u00a0\u00a0\u00a0 \u00a0z nadzieniem<\/em><\/p>\n<p><em>Zupa po powrocie do przedszkola<\/em><\/p>\n<p><strong><em>19.05.2026 r. gr. ,,Pszcz\u00f3\u0142ki\u201d, ,,Mr\u00f3wki\u201d<\/em><\/strong><\/p>\n<p><em>\u015aniadanie wg jad\u0142ospisu z wy\u0142\u0105czeniem zupy mlecznej<\/em><\/p>\n<p><em>Obiad:\u00a0 pierogi ruskie, woda, owoc, na deser rogalik \u00a0\u00a0\u00a0\u00a0\u00a0\u00a0\u00a0\u00a0\u00a0\u00a0\u00a0\u00a0\u00a0\u00a0\u00a0\u00a0\u00a0\u00a0\u00a0\u00a0\u00a0\u00a0\u00a0\u00a0\u00a0\u00a0\u00a0\u00a0z nadzieniem<\/em><\/p>\n<p><em>Zupa po powrocie do przedszkola<\/em><\/p>\n<p><strong><em>Obiad zabieramy na wycieczk\u0119 na pro\u015bb\u0119 rodzic\u00f3w<\/em><\/strong><\/p>\n<p><strong><em>\u00a0<\/em><\/strong>[\/vc_column_text][\/vc_column][\/vc_row]<\/p>\n<\/div>","protected":false},"excerpt":{"rendered":"<p>[vc_row][vc_column][vc_column_text css=&#8221;&#8221;]\u00a0 Z dniem 13 grudnia 2014 zacz\u0119\u0142o obowi\u0105zywa\u0107 rozporz\u0105dzenie Parlamentu Europejskiego\u00a0 i Rady (UE) \u00a0\u00a0\u00a0\u00a0\u00a0\u00a0\u00a0\u00a0\u00a0\u00a0\u00a0\u00a0\u00a0\u00a0\u00a0\u00a0\u00a0\u00a0\u00a0\u00a0nr 1169\/2011 w sprawie przekazywania informacji na temat alergen\u00f3w. Informujemy \u017ce poni\u017cej jad\u0142ospisu\u00a0\u00a0\u00a0\u00a0\u00a0\u00a0\u00a0\u00a0\u00a0\u00a0\u00a0 \u00a0z ka\u017cdego [&hellip;]<\/p>\n","protected":false},"author":15,"featured_media":0,"parent":0,"menu_order":0,"comment_status":"closed","ping_status":"closed","template":"","meta":{"ngg_post_thumbnail":0,"footnotes":""},"class_list":["post-57","page","type-page","status-publish","hentry","clearfix"],"_links":{"self":[{"href":"https:\/\/przedszkole57.edu.wroclaw.pl\/index.php\/wp-json\/wp\/v2\/pages\/57","targetHints":{"allow":["GET"]}}],"collection":[{"href":"https:\/\/przedszkole57.edu.wroclaw.pl\/index.php\/wp-json\/wp\/v2\/pages"}],"about":[{"href":"https:\/\/przedszkole57.edu.wroclaw.pl\/index.php\/wp-json\/wp\/v2\/types\/page"}],"author":[{"embeddable":true,"href":"https:\/\/przedszkole57.edu.wroclaw.pl\/index.php\/wp-json\/wp\/v2\/users\/15"}],"replies":[{"embeddable":true,"href":"https:\/\/przedszkole57.edu.wroclaw.pl\/index.php\/wp-json\/wp\/v2\/comments?post=57"}],"version-history":[{"count":62,"href":"https:\/\/przedszkole57.edu.wroclaw.pl\/index.php\/wp-json\/wp\/v2\/pages\/57\/revisions"}],"predecessor-version":[{"id":3489,"href":"https:\/\/przedszkole57.edu.wroclaw.pl\/index.php\/wp-json\/wp\/v2\/pages\/57\/revisions\/3489"}],"wp:attachment":[{"href":"https:\/\/przedszkole57.edu.wroclaw.pl\/index.php\/wp-json\/wp\/v2\/media?parent=57"}],"curies":[{"name":"wp","href":"https:\/\/api.w.org\/{rel}","templated":true}]}}