
{"id":19,"date":"2021-06-07T09:26:15","date_gmt":"2021-06-07T07:26:15","guid":{"rendered":"https:\/\/przedszkole57.edu.wroclaw.pl\/?page_id=19"},"modified":"2026-03-25T10:48:54","modified_gmt":"2026-03-25T09:48:54","slug":"kontakt","status":"publish","type":"page","link":"https:\/\/przedszkole57.edu.wroclaw.pl\/index.php\/kontakt\/","title":{"rendered":"Kontakt"},"content":{"rendered":"<div class=\"wpb-content-wrapper\"><p>[vc_row][vc_column width=&#8221;1\/2&#8243;][vc_raw_html]JTNDaWZyYW1lJTIwc2Nyb2xsaW5nJTNEJTIybm8lMjIlMjBtYXJnaW5oZWlnaHQlM0QlMjIwJTIyJTIwbWFyZ2lud2lkdGglM0QlMjIwJTIyJTIwc3JjJTNEJTIyaHR0cHMlM0ElMkYlMkZtYXBzLmdvb2dsZS5jb20lMkZtYXBzJTNGd2lkdGglM0QxMDAlMjUyNSUyNmFtcCUzQmhlaWdodCUzRDYwMCUyNmFtcCUzQmhsJTNEZW4lMjZhbXAlM0JxJTNEQ2hvcnpvd3NrYSUyNTIwNTUlMjUyMDUyLTAyMyUyNTIwV3JvYyUyNUM1JTI1ODJhdyUyQiUyOFByemVkc3prb2xlJTI1MjBuciUyNTIwNTclMjUyME1hJTI1QzUlMjU4MnklMjUyMEtzaSUyNUM0JTI1ODUlMjVDNSUyNUJDJTI1QzQlMjU5OSUyOSUyNmFtcCUzQnQlM0QlMjZhbXAlM0J6JTNEMTQlMjZhbXAlM0JpZSUzRFVURjglMjZhbXAlM0Jpd2xvYyUzREIlMjZhbXAlM0JvdXRwdXQlM0RlbWJlZCUyMiUyMHdpZHRoJTNEJTIyMTAwJTI1JTIyJTIwaGVpZ2h0JTNEJTIyNjAwJTIyJTIwZnJhbWVib3JkZXIlM0QlMjIwJTIyJTNFJTNDJTJGaWZyYW1lJTNF[\/vc_raw_html][\/vc_column][vc_column width=&#8221;1\/2&#8243;][vc_column_text css_animation=&#8221;appear&#8221; css=&#8221;&#8221;]<\/p>\n<h2 style=\"font-size: 36px;margin-top: -18px;color: #dd3846\">Przedszkole nr 57 Ma\u0142y Ksi\u0105\u017c\u0119<\/h2>\n<p><strong>Adres:<\/strong> Chorzowska 55<br \/>\n52-023 Wroc\u0142aw<\/p>\n<p><strong>Tel:<\/strong> 71 798 68 00<\/p>\n<p><strong>Numery wewn\u0119trzne<\/strong>:<\/p>\n<p>Dyrektor 101;<\/p>\n<p>Iwona.Lachman@wroclawskaedukacja.pl<\/p>\n<p>Wicedyrektor 102;<\/p>\n<p>ksymena.foks-grab@wroclawskaedukacja.pl<\/p>\n<p>Intendent 114;<\/p>\n<p>Referent 113<\/p>\n<p><strong>e-mail: <\/strong><a href=\"mailto:Sekretariat.p057@wroclawskaedukacja.pl\">Sekretariat.p057@wroclawskaedukacja.pl<\/a><\/p>\n<p>Ksymena Foks-Grab: ksymena.foks-grab@wroclawskaedukacja.pl<\/p>\n<p>&nbsp;<\/p>\n<p style=\"text-align: left\">Adres do e-Dor\u0119cze\u0144:<button class=\"ade link-appearance fw-400\">AE:PL-85670-32963-VJHCI-19<\/button><\/p>\n<p>[\/vc_column_text][\/vc_column][\/vc_row]<\/p>\n<\/div>","protected":false},"excerpt":{"rendered":"<p>[vc_row][vc_column width=&#8221;1\/2&#8243;][vc_raw_html]JTNDaWZyYW1lJTIwc2Nyb2xsaW5nJTNEJTIybm8lMjIlMjBtYXJnaW5oZWlnaHQlM0QlMjIwJTIyJTIwbWFyZ2lud2lkdGglM0QlMjIwJTIyJTIwc3JjJTNEJTIyaHR0cHMlM0ElMkYlMkZtYXBzLmdvb2dsZS5jb20lMkZtYXBzJTNGd2lkdGglM0QxMDAlMjUyNSUyNmFtcCUzQmhlaWdodCUzRDYwMCUyNmFtcCUzQmhsJTNEZW4lMjZhbXAlM0JxJTNEQ2hvcnpvd3NrYSUyNTIwNTUlMjUyMDUyLTAyMyUyNTIwV3JvYyUyNUM1JTI1ODJhdyUyQiUyOFByemVkc3prb2xlJTI1MjBuciUyNTIwNTclMjUyME1hJTI1QzUlMjU4MnklMjUyMEtzaSUyNUM0JTI1ODUlMjVDNSUyNUJDJTI1QzQlMjU5OSUyOSUyNmFtcCUzQnQlM0QlMjZhbXAlM0J6JTNEMTQlMjZhbXAlM0JpZSUzRFVURjglMjZhbXAlM0Jpd2xvYyUzREIlMjZhbXAlM0JvdXRwdXQlM0RlbWJlZCUyMiUyMHdpZHRoJTNEJTIyMTAwJTI1JTIyJTIwaGVpZ2h0JTNEJTIyNjAwJTIyJTIwZnJhbWVib3JkZXIlM0QlMjIwJTIyJTNFJTNDJTJGaWZyYW1lJTNF[\/vc_raw_html][\/vc_column][vc_column width=&#8221;1\/2&#8243;][vc_column_text css_animation=&#8221;appear&#8221; css=&#8221;&#8221;] Przedszkole nr 57 Ma\u0142y Ksi\u0105\u017c\u0119 Adres: Chorzowska 55 52-023 Wroc\u0142aw Tel: 71 798 68 00 Numery wewn\u0119trzne: Dyrektor 101; Iwona.Lachman@wroclawskaedukacja.pl Wicedyrektor 102; ksymena.foks-grab@wroclawskaedukacja.pl Intendent 114; [&hellip;]<\/p>\n","protected":false},"author":15,"featured_media":0,"parent":0,"menu_order":0,"comment_status":"closed","ping_status":"closed","template":"","meta":{"ngg_post_thumbnail":0,"footnotes":""},"class_list":["post-19","page","type-page","status-publish","hentry","clearfix"],"_links":{"self":[{"href":"https:\/\/przedszkole57.edu.wroclaw.pl\/index.php\/wp-json\/wp\/v2\/pages\/19","targetHints":{"allow":["GET"]}}],"collection":[{"href":"https:\/\/przedszkole57.edu.wroclaw.pl\/index.php\/wp-json\/wp\/v2\/pages"}],"about":[{"href":"https:\/\/przedszkole57.edu.wroclaw.pl\/index.php\/wp-json\/wp\/v2\/types\/page"}],"author":[{"embeddable":true,"href":"https:\/\/przedszkole57.edu.wroclaw.pl\/index.php\/wp-json\/wp\/v2\/users\/15"}],"replies":[{"embeddable":true,"href":"https:\/\/przedszkole57.edu.wroclaw.pl\/index.php\/wp-json\/wp\/v2\/comments?post=19"}],"version-history":[{"count":10,"href":"https:\/\/przedszkole57.edu.wroclaw.pl\/index.php\/wp-json\/wp\/v2\/pages\/19\/revisions"}],"predecessor-version":[{"id":3405,"href":"https:\/\/przedszkole57.edu.wroclaw.pl\/index.php\/wp-json\/wp\/v2\/pages\/19\/revisions\/3405"}],"wp:attachment":[{"href":"https:\/\/przedszkole57.edu.wroclaw.pl\/index.php\/wp-json\/wp\/v2\/media?parent=19"}],"curies":[{"name":"wp","href":"https:\/\/api.w.org\/{rel}","templated":true}]}}