
{"id":17,"date":"2021-06-07T09:25:55","date_gmt":"2021-06-07T07:25:55","guid":{"rendered":"https:\/\/przedszkole57.edu.wroclaw.pl\/?page_id=17"},"modified":"2022-11-22T08:04:30","modified_gmt":"2022-11-22T07:04:30","slug":"rodo","status":"publish","type":"page","link":"https:\/\/przedszkole57.edu.wroclaw.pl\/index.php\/rodo\/","title":{"rendered":"RODO"},"content":{"rendered":"<div class=\"wpb-content-wrapper\"><p>[vc_row][vc_column][vc_column_text]<span style=\"font-size: 14pt;\"><a href=\"https:\/\/przedszkole57.edu.wroclaw.pl\/wp-content\/uploads\/sites\/65\/2022\/11\/Zal.-7.-Klauzula-zlozenie-pisma-w-placowce.docx\">Za\u0142. 7. Klauzula &#8211; z\u0142o\u017cenie pisma w plac\u00f3wce (DOCX 37KB)<\/a><\/span><br \/>\n<span style=\"font-size: 14pt;\"><a href=\"https:\/\/przedszkole57.edu.wroclaw.pl\/wp-content\/uploads\/sites\/65\/2022\/11\/Zal.-7b.-Klauzula-postepowanie-administracyjne.docx\">Za\u0142. 7b. Klauzula post\u0119powanie administracyjne (DOCX 38KB)<\/a><\/span><br \/>\n<span style=\"font-size: 14pt;\"><a href=\"https:\/\/przedszkole57.edu.wroclaw.pl\/wp-content\/uploads\/sites\/65\/2022\/11\/Zal.-7c.-Klauzula-korespondencja-elektroniczna.docx\">Za\u0142. 7c. Klauzula &#8211; korespondencja elektroniczna (DOCX 38KB)<\/a><\/span><br \/>\n<span style=\"font-size: 14pt;\"><a href=\"https:\/\/przedszkole57.edu.wroclaw.pl\/wp-content\/uploads\/sites\/65\/2022\/11\/Zal.-7e.-Klauzula-strona-www.docx\">Za\u0142. 7e. Klauzula &#8211; strona www (DOCX 37KB)<\/a><\/span><br \/>\n<span style=\"font-size: 14pt;\"><a href=\"https:\/\/przedszkole57.edu.wroclaw.pl\/wp-content\/uploads\/sites\/65\/2022\/11\/Zal.-7f.-Klauzula-umowa.docx\">Za\u0142. 7f. Klauzula &#8211; umowa (DOCX 37KB)<\/a><\/span><br \/>\n<span style=\"font-size: 14pt;\"><a href=\"https:\/\/przedszkole57.edu.wroclaw.pl\/wp-content\/uploads\/sites\/65\/2022\/11\/Zal.-7g.-Klauzula-zamowienia-publiczne.docx\">Za\u0142. 7g. Klauzula &#8211; zam\u00f3wienia publiczne (DOCX 34KB)<\/a><\/span><br \/>\n<span style=\"font-size: 14pt;\"><a href=\"https:\/\/przedszkole57.edu.wroclaw.pl\/wp-content\/uploads\/sites\/65\/2022\/11\/Zal.-7h.-Klauzula-umowa-najmu.docx\">Za\u0142. 7h. Klauzula &#8211; umowa najmu (DOCX 37KB)<\/a><\/span><br \/>\n<span style=\"font-size: 14pt;\"><a href=\"https:\/\/przedszkole57.edu.wroclaw.pl\/wp-content\/uploads\/sites\/65\/2022\/11\/Zal.-7j.-Kauzula-wolontariusz.docx\">Za\u0142. 7j. Klauzula &#8211; wolontariusz (DOCX 39KB)<\/a><\/span><br \/>\n<span style=\"font-size: 14pt;\"><a href=\"https:\/\/przedszkole57.edu.wroclaw.pl\/wp-content\/uploads\/sites\/65\/2022\/11\/Zal.-7k.-Klauzula-rekrutacja-pracownika.docx\">Za\u0142. 7k. Klauzula &#8211; rekrutacja pracownika (DOCX 39KB)<\/a><\/span><br \/>\n<span style=\"font-size: 14pt;\"><a href=\"https:\/\/przedszkole57.edu.wroclaw.pl\/wp-content\/uploads\/sites\/65\/2022\/11\/Zal.-7l.-Klauzula-pracownik-nauczyciel.docx\">Za\u0142. 7l. Klauzula &#8211; pracownik &#8211; nauczyciel (DOCX 40KB)<\/a><\/span><br \/>\n<span style=\"font-size: 14pt;\"><a href=\"https:\/\/przedszkole57.edu.wroclaw.pl\/wp-content\/uploads\/sites\/65\/2022\/11\/Zal.-7n.-Klauzula-edukacja-dziecka-w-placowce.docx\">Za\u0142. 7n. Klauzula &#8211; edukacja dziecka w plac\u00f3wce (DOCX 40KB)<\/a><\/span><br \/>\n<span style=\"font-size: 14pt;\"><a href=\"https:\/\/przedszkole57.edu.wroclaw.pl\/wp-content\/uploads\/sites\/65\/2022\/11\/Zal.-7m.-Klauzula-pracownik-samorzadowy.docx\">Za\u0142. 7m. Klauzula &#8211; pracownik samorz\u0105dowy (DOCX 39KB)<\/a><\/span><br \/>\n<span style=\"font-size: 14pt;\"><a href=\"https:\/\/przedszkole57.edu.wroclaw.pl\/wp-content\/uploads\/sites\/65\/2022\/11\/Zal.-7o.-Klauzula-ewidencja-wejsc-i-wyjsc.docx\">Za\u0142. 7o. Klauzula &#8211; ewidencja wej\u015b\u0107 i wyj\u015b\u0107 (DOCX 37KB)<\/a><\/span><br \/>\n<span style=\"font-size: 14pt;\"><a href=\"https:\/\/przedszkole57.edu.wroclaw.pl\/wp-content\/uploads\/sites\/65\/2022\/11\/Zal.-7p.-Klauzula-opiekun-wycieczki.docx\">Za\u0142. 7p. Klauzula &#8211; opiekun wycieczki (DOCX 37KB)<\/a><\/span><br \/>\n<span style=\"font-size: 14pt;\"><a href=\"https:\/\/przedszkole57.edu.wroclaw.pl\/wp-content\/uploads\/sites\/65\/2022\/11\/Zal.-7r.-Klauzula-przyjecie-dziecka-w-ramach-dyzuru-wakacyjnego.docx\">Za\u0142. 7r. Klauzula &#8211; przyj\u0119cie dziecka w ramach dy\u017curu wakacyjnego (DOCX 37KB)<\/a><\/span><br \/>\n<span style=\"font-size: 14pt;\"><a href=\"https:\/\/przedszkole57.edu.wroclaw.pl\/wp-content\/uploads\/sites\/65\/2022\/11\/Zal.-7s-Klauzula-praca-spolecznie-uzyteczna.docx\">Za\u0142. 7s Klauzula &#8211; praca spo\u0142ecznie u\u017cyteczna (DOCX 37BK)<\/a><\/span><br \/>\n<span style=\"font-size: 14pt;\"><a href=\"https:\/\/przedszkole57.edu.wroclaw.pl\/wp-content\/uploads\/sites\/65\/2022\/11\/Zal.-7t.-Klauzula-ZFSS.docx\">Za\u0142. 7t. Klauzula ZF\u015aS (DOCX 37KB)<\/a><\/span><br \/>\n<span style=\"font-size: 14pt;\"><a href=\"https:\/\/przedszkole57.edu.wroclaw.pl\/wp-content\/uploads\/sites\/65\/2022\/11\/Zal.-7u.-Klauzula-praktykanci.docx\">Za\u0142. 7u. Klauzula praktykanci (DOCX 37KB)<\/a><\/span><br \/>\n<span style=\"font-size: 14pt;\"><a href=\"https:\/\/przedszkole57.edu.wroclaw.pl\/wp-content\/uploads\/sites\/65\/2022\/11\/Zal.-7w.-Klauzula-Fundusz-Zdrowotny.docx\">Za\u0142. 7w. Klauzula &#8211; Fundusz Zdrowotny (DOCX 36KB)<\/a><\/span><br \/>\n<span style=\"font-size: 14pt;\"><a href=\"https:\/\/przedszkole57.edu.wroclaw.pl\/wp-content\/uploads\/sites\/65\/2022\/11\/Zal.-7x.-Klauzula-dla-osob-upowaznionych-do-odbioru-dziecka-z-przedszkola.docx\">Za\u0142. 7x. Klauzula &#8211; dla os\u00f3b upowa\u017cnionych do odbioru dziecka z przedszkola (DOCX 38KB)<\/a><\/span><br \/>\n<span style=\"font-size: 14pt;\"><a href=\"https:\/\/przedszkole57.edu.wroclaw.pl\/wp-content\/uploads\/sites\/65\/2022\/11\/Zal.-7y.-Klauzula-PPK.docx\">Za\u0142. 7y. Klauzula &#8211; PPK (DOCX 36KB)<\/a><\/span>[\/vc_column_text][\/vc_column][\/vc_row]<\/p>\n<\/div>","protected":false},"excerpt":{"rendered":"<p>[vc_row][vc_column][vc_column_text]Za\u0142. 7. Klauzula &#8211; z\u0142o\u017cenie pisma w plac\u00f3wce (DOCX 37KB) Za\u0142. 7b. Klauzula post\u0119powanie administracyjne (DOCX 38KB) Za\u0142. 7c. Klauzula &#8211; korespondencja elektroniczna (DOCX 38KB) Za\u0142. 7e. Klauzula &#8211; strona [&hellip;]<\/p>\n","protected":false},"author":15,"featured_media":0,"parent":0,"menu_order":0,"comment_status":"closed","ping_status":"closed","template":"","meta":{"ngg_post_thumbnail":0,"footnotes":""},"class_list":["post-17","page","type-page","status-publish","hentry","clearfix"],"_links":{"self":[{"href":"https:\/\/przedszkole57.edu.wroclaw.pl\/index.php\/wp-json\/wp\/v2\/pages\/17","targetHints":{"allow":["GET"]}}],"collection":[{"href":"https:\/\/przedszkole57.edu.wroclaw.pl\/index.php\/wp-json\/wp\/v2\/pages"}],"about":[{"href":"https:\/\/przedszkole57.edu.wroclaw.pl\/index.php\/wp-json\/wp\/v2\/types\/page"}],"author":[{"embeddable":true,"href":"https:\/\/przedszkole57.edu.wroclaw.pl\/index.php\/wp-json\/wp\/v2\/users\/15"}],"replies":[{"embeddable":true,"href":"https:\/\/przedszkole57.edu.wroclaw.pl\/index.php\/wp-json\/wp\/v2\/comments?post=17"}],"version-history":[{"count":8,"href":"https:\/\/przedszkole57.edu.wroclaw.pl\/index.php\/wp-json\/wp\/v2\/pages\/17\/revisions"}],"predecessor-version":[{"id":1853,"href":"https:\/\/przedszkole57.edu.wroclaw.pl\/index.php\/wp-json\/wp\/v2\/pages\/17\/revisions\/1853"}],"wp:attachment":[{"href":"https:\/\/przedszkole57.edu.wroclaw.pl\/index.php\/wp-json\/wp\/v2\/media?parent=17"}],"curies":[{"name":"wp","href":"https:\/\/api.w.org\/{rel}","templated":true}]}}