
{"id":141,"date":"2021-06-24T06:53:52","date_gmt":"2021-06-24T04:53:52","guid":{"rendered":"https:\/\/przedszkole57.edu.wroclaw.pl\/?page_id=141"},"modified":"2026-03-03T10:49:39","modified_gmt":"2026-03-03T09:49:39","slug":"dokumenty-do-pobrania","status":"publish","type":"page","link":"https:\/\/przedszkole57.edu.wroclaw.pl\/index.php\/dokumenty-do-pobrania\/","title":{"rendered":"Dokumenty do pobrania"},"content":{"rendered":"<div class=\"wpb-content-wrapper\"><p>[vc_row][vc_column][vc_column_text]Tu znajd\u0105 Pa\u0144stwo wa\u017cne dokumenty do pobrania:<\/p>\n<p><a href=\"https:\/\/przedszkole57.edu.wroclaw.pl\/wp-content\/uploads\/sites\/65\/2024\/08\/deklaracja-pobytu-p57.docx\">deklaracja pobytu p57<\/a><\/p>\n<p><a href=\"https:\/\/przedszkole57.edu.wroclaw.pl\/wp-content\/uploads\/sites\/65\/2024\/08\/oswiadczenie_o_odbiorze_dziecka.docx\">oswiadczenie_o_odbiorze_dziecka<\/a><\/p>\n<p><a href=\"https:\/\/przedszkole57.edu.wroclaw.pl\/wp-content\/uploads\/sites\/65\/2024\/08\/wniosek_religia.docx\">wniosek<\/a><a href=\"https:\/\/przedszkole57.edu.wroclaw.pl\/wp-content\/uploads\/sites\/65\/2024\/08\/wniosek_religia.docx\">religia<\/a><\/p>\n<p><a href=\"https:\/\/przedszkole57.edu.wroclaw.pl\/wp-content\/uploads\/sites\/65\/2024\/08\/wniosek_znizkia_dla_rodzin_wielodzietnych.doc\">wniosek<\/a><a href=\"https:\/\/przedszkole57.edu.wroclaw.pl\/wp-content\/uploads\/sites\/65\/2024\/08\/wniosek_znizkia_dla_rodzin_wielodzietnych.doc\">_znizkia_dla_rodzin_wielodzietny<\/a><\/p>\n<p><a href=\"https:\/\/przedszkole57.edu.wroclaw.pl\/wp-content\/uploads\/sites\/65\/2026\/03\/KONTYNUACJA-P-002.docx\">KONTYNUACJA &#8211; P (002)<\/a><\/p>\n<p><a href=\"https:\/\/przedszkole57.edu.wroclaw.pl\/wp-content\/uploads\/sites\/65\/2026\/03\/STATUT-57-MaLy-Ksiaze-.pdf\">STATUT 57 Ma\u0141y Ksi\u0105\u017c\u0119<\/a><\/p>\n<\/div>","protected":false},"excerpt":{"rendered":"<p>[vc_row][vc_column][vc_column_text]Tu znajd\u0105 Pa\u0144stwo wa\u017cne dokumenty do pobrania: deklaracja pobytu p57 oswiadczenie_o_odbiorze_dziecka wniosekreligia wniosek_znizkia_dla_rodzin_wielodzietny KONTYNUACJA &#8211; P (002) STATUT 57 Ma\u0141y Ksi\u0105\u017c\u0119<\/p>\n","protected":false},"author":15,"featured_media":0,"parent":0,"menu_order":0,"comment_status":"closed","ping_status":"closed","template":"","meta":{"ngg_post_thumbnail":0,"footnotes":""},"class_list":["post-141","page","type-page","status-publish","hentry","clearfix"],"_links":{"self":[{"href":"https:\/\/przedszkole57.edu.wroclaw.pl\/index.php\/wp-json\/wp\/v2\/pages\/141","targetHints":{"allow":["GET"]}}],"collection":[{"href":"https:\/\/przedszkole57.edu.wroclaw.pl\/index.php\/wp-json\/wp\/v2\/pages"}],"about":[{"href":"https:\/\/przedszkole57.edu.wroclaw.pl\/index.php\/wp-json\/wp\/v2\/types\/page"}],"author":[{"embeddable":true,"href":"https:\/\/przedszkole57.edu.wroclaw.pl\/index.php\/wp-json\/wp\/v2\/users\/15"}],"replies":[{"embeddable":true,"href":"https:\/\/przedszkole57.edu.wroclaw.pl\/index.php\/wp-json\/wp\/v2\/comments?post=141"}],"version-history":[{"count":13,"href":"https:\/\/przedszkole57.edu.wroclaw.pl\/index.php\/wp-json\/wp\/v2\/pages\/141\/revisions"}],"predecessor-version":[{"id":3362,"href":"https:\/\/przedszkole57.edu.wroclaw.pl\/index.php\/wp-json\/wp\/v2\/pages\/141\/revisions\/3362"}],"wp:attachment":[{"href":"https:\/\/przedszkole57.edu.wroclaw.pl\/index.php\/wp-json\/wp\/v2\/media?parent=141"}],"curies":[{"name":"wp","href":"https:\/\/api.w.org\/{rel}","templated":true}]}}